{"id":31,"date":"2026-02-11T16:49:05","date_gmt":"2026-02-11T16:49:05","guid":{"rendered":"https:\/\/impatients-entraide-psy.fr\/?page_id=31"},"modified":"2026-02-11T16:49:05","modified_gmt":"2026-02-11T16:49:05","slug":"presentation","status":"publish","type":"page","link":"https:\/\/impatients-entraide-psy.fr\/index.php\/presentation\/","title":{"rendered":"Qui sommes nous ?"},"content":{"rendered":"\n<p>Chez Les (Im)patients, nous pensons qu&#8217;il est temps de sortir du r\u00f4le passif de &#8220;patient&#8221; pour devenir des acteurs actifs de notre propre r\u00e9tablissement. Notre nom, un brin provocateur, refl\u00e8te notre envie de bouger les lignes et de faire avancer la psychiatrie \u00e0 Poitiers. Nous sommes les &#8220;impatients&#8221; qui souhaitons voir changer les choses, ensemble.<br><br><strong>Notre philosophie<\/strong><br><br>Nous croyons au pouvoir de la pair-aidance : transmettre l\u2019espoir et accompagner chacun vers un r\u00e9tablissement durable. Cela passe par la valorisation de l\u2019exp\u00e9rience de chacun, des relations horizontales entre pairs et usagers, et une lutte active contre la stigmatisation.<br><br><strong>Pourquoi nous rejoindre ?<\/strong><br><br>Parce que chez Les (Im)patients, vous trouverez un espace d\u2019accueil chaleureux, de partage et d\u2019entraide. Ici, chaque voix est \u00e9cout\u00e9e avec bienveillance, sans jugement. Nous cr\u00e9ons du lien en partageant nos exp\u00e9riences, en donnant de l\u2019espoir et en accompagnant ceux qui en ont besoin. Nous r\u00e9agissons face \u00e0 la stigmatisation en sant\u00e9 mentale, tout en respectant le r\u00f4le essentiel des soignants.<br><br><strong>Nos missions<\/strong><\/p>\n\n\n\n<ul class=\"wp-block-list\">\n<li>\u00c9couter et soutenir : Offrir une oreille attentive et un regard neutre \u00e0 chacun<\/li>\n\n\n\n<li>Proposer des activit\u00e9s \u00e9panouissantes : Ateliers de mieux-\u00eatre, sorties culturelles et physiques douces pour enrichir le quotidien.<\/li>\n\n\n\n<li>Lutter contre la stigmatisation : Sensibiliser le public et changer les perceptions sur la sant\u00e9 mentale.<\/li>\n\n\n\n<li>Tisser des liens entre pair-aidants : Renforcer la communaut\u00e9 et les \u00e9changes sur Poitiers.<\/li>\n\n\n\n<li>\u00catre acteurs de la vie publique : Participer aux instances consultatives et aux d\u00e9bats pour faire entendre nos voix.<\/li>\n<\/ul>\n\n\n\n<p><strong>Nos activit\u00e9s<\/strong><br><br>Rejoignez-nous lors de nos caf\u00e9s-discussions, \u00e9changes d\u2019exp\u00e9rience, et ateliers de sensibilisation. Participez \u00e0 des activit\u00e9s culturelles et de mieux-\u00eatre. Vos id\u00e9es et comp\u00e9tences sont les bienvenues pour enrichir notre offre et r\u00e9pondre aux souhaits de tous nos adh\u00e9rents.<br><br><strong>Restons connect\u00e9s<\/strong><br><br>Nous disposons d&#8217;un groupe Telegram \u00ab\u202fLes (Im)patients\u202f\u00bb et d&#8217;un site web pour \u00e9changer et rester inform\u00e9s.<br><br>Ensemble, cr\u00e9ons une communaut\u00e9 solidaire o\u00f9 chacun trouve sa place et contribue \u00e0 faire \u00e9voluer les mentalit\u00e9s. N&#8217;h\u00e9sitez pas \u00e0 nous rejoindre et \u00e0 partager cette aventure humaine riche en espoir et en soutien mutuel.<\/p>\n","protected":false},"excerpt":{"rendered":"<p>Chez Les (Im)patients, nous pensons qu&#8217;il est temps de sortir du r\u00f4le passif de &#8220;patient&#8221; pour devenir des acteurs actifs de notre propre r\u00e9tablissement. Notre nom, un brin provocateur, refl\u00e8te notre envie de bouger les lignes et de faire avancer la psychiatrie \u00e0 Poitiers. Nous sommes les &#8220;impatients&#8221; qui souhaitons voir changer les choses, ensemble. [&hellip;]<\/p>\n","protected":false},"author":1,"featured_media":0,"parent":0,"menu_order":0,"comment_status":"closed","ping_status":"closed","template":"","meta":{"footnotes":""},"class_list":["post-31","page","type-page","status-publish","hentry"],"_links":{"self":[{"href":"https:\/\/impatients-entraide-psy.fr\/index.php\/wp-json\/wp\/v2\/pages\/31","targetHints":{"allow":["GET"]}}],"collection":[{"href":"https:\/\/impatients-entraide-psy.fr\/index.php\/wp-json\/wp\/v2\/pages"}],"about":[{"href":"https:\/\/impatients-entraide-psy.fr\/index.php\/wp-json\/wp\/v2\/types\/page"}],"author":[{"embeddable":true,"href":"https:\/\/impatients-entraide-psy.fr\/index.php\/wp-json\/wp\/v2\/users\/1"}],"replies":[{"embeddable":true,"href":"https:\/\/impatients-entraide-psy.fr\/index.php\/wp-json\/wp\/v2\/comments?post=31"}],"version-history":[{"count":1,"href":"https:\/\/impatients-entraide-psy.fr\/index.php\/wp-json\/wp\/v2\/pages\/31\/revisions"}],"predecessor-version":[{"id":32,"href":"https:\/\/impatients-entraide-psy.fr\/index.php\/wp-json\/wp\/v2\/pages\/31\/revisions\/32"}],"wp:attachment":[{"href":"https:\/\/impatients-entraide-psy.fr\/index.php\/wp-json\/wp\/v2\/media?parent=31"}],"curies":[{"name":"wp","href":"https:\/\/api.w.org\/{rel}","templated":true}]}}