{"id":45,"date":"2026-02-11T17:16:48","date_gmt":"2026-02-11T17:16:48","guid":{"rendered":"https:\/\/impatients-entraide-psy.fr\/?page_id=45"},"modified":"2026-02-11T17:21:01","modified_gmt":"2026-02-11T17:21:01","slug":"logo","status":"publish","type":"page","link":"https:\/\/impatients-entraide-psy.fr\/index.php\/logo\/","title":{"rendered":"Notre nom &amp; notre logo"},"content":{"rendered":"\n<p><strong>Notre nom &#8220;Les (Im)patients&#8221;<\/strong><\/p>\n\n\n\n<p>Notre nom, un brin provocateur, refl\u00e8te notre envie de bouger les lignes et de faire avancer la psychiatrie \u00e0 Poitiers. Nous sommes les &#8220;impatients&#8221; qui souhaitons voir changer les choses, ensemble.<\/p>\n\n\n\n<h5 class=\"wp-block-heading\"><strong>Notre logo<\/strong><\/h5>\n\n\n\n<figure class=\"wp-block-image is-resized\"><img decoding=\"async\" src=\"https:\/\/impatients.kalisport.com\/public\/8720\/upload\/images\/transparent_Logo_Impatients_pour_Fond_Blanc.png\" alt=\"\" style=\"width:414px;height:auto\"\/><\/figure>\n\n\n\n<p><strong>Signification du logo<\/strong><\/p>\n\n\n\n<ul class=\"wp-block-list\">\n<li>Les 3 personnages (silhouettes stylis\u00e9es) de couleurs diff\u00e9rentes repr\u00e9sentent 3 personnes avec leur personnalit\u00e9 unique,<\/li>\n\n\n\n<li>Les bulles qui se confondent repr\u00e9sentent les \u00e9changes d&#8217;exp\u00e9riences, chaque personnage partageant la sienne et b\u00e9n\u00e9ficiant de l&#8217;exp\u00e9rience des 2 autres.<\/li>\n\n\n\n<li>&nbsp;La rondeur des bulles repr\u00e9sentent la douceur, la bienveillance et l&#8217;harmonie,<\/li>\n\n\n\n<li>L&#8217;\u00e9toile au milieu repr\u00e9sente l&#8217;Espoir qui na\u00eet de cet \u00e9change d&#8217;exp\u00e9riences,<\/li>\n<\/ul>\n\n\n\n<p><br>Pour conclure, ce logo est une repr\u00e9sentation de la Pair-Aidance :\u00a0<\/p>\n\n\n\n<p>Soutien bienveillant fond\u00e9 sur le partage d&#8217;exp\u00e9riences.<br><br>Ce logo est une id\u00e9e originale cr\u00e9e par l&#8217;adh\u00e9rente Elodie Angenard.<\/p>\n","protected":false},"excerpt":{"rendered":"<p>Notre nom &#8220;Les (Im)patients&#8221; Notre nom, un brin provocateur, refl\u00e8te notre envie de bouger les lignes et de faire avancer la psychiatrie \u00e0 Poitiers. Nous sommes les &#8220;impatients&#8221; qui souhaitons voir changer les choses, ensemble. Notre logo Signification du logo Pour conclure, ce logo est une repr\u00e9sentation de la Pair-Aidance :\u00a0 Soutien bienveillant fond\u00e9 sur [&hellip;]<\/p>\n","protected":false},"author":1,"featured_media":0,"parent":0,"menu_order":0,"comment_status":"closed","ping_status":"closed","template":"","meta":{"footnotes":""},"class_list":["post-45","page","type-page","status-publish","hentry"],"_links":{"self":[{"href":"https:\/\/impatients-entraide-psy.fr\/index.php\/wp-json\/wp\/v2\/pages\/45","targetHints":{"allow":["GET"]}}],"collection":[{"href":"https:\/\/impatients-entraide-psy.fr\/index.php\/wp-json\/wp\/v2\/pages"}],"about":[{"href":"https:\/\/impatients-entraide-psy.fr\/index.php\/wp-json\/wp\/v2\/types\/page"}],"author":[{"embeddable":true,"href":"https:\/\/impatients-entraide-psy.fr\/index.php\/wp-json\/wp\/v2\/users\/1"}],"replies":[{"embeddable":true,"href":"https:\/\/impatients-entraide-psy.fr\/index.php\/wp-json\/wp\/v2\/comments?post=45"}],"version-history":[{"count":3,"href":"https:\/\/impatients-entraide-psy.fr\/index.php\/wp-json\/wp\/v2\/pages\/45\/revisions"}],"predecessor-version":[{"id":49,"href":"https:\/\/impatients-entraide-psy.fr\/index.php\/wp-json\/wp\/v2\/pages\/45\/revisions\/49"}],"wp:attachment":[{"href":"https:\/\/impatients-entraide-psy.fr\/index.php\/wp-json\/wp\/v2\/media?parent=45"}],"curies":[{"name":"wp","href":"https:\/\/api.w.org\/{rel}","templated":true}]}}