{"id":50,"date":"2026-02-11T17:27:21","date_gmt":"2026-02-11T17:27:21","guid":{"rendered":"https:\/\/impatients-entraide-psy.fr\/?page_id=50"},"modified":"2026-02-11T17:27:21","modified_gmt":"2026-02-11T17:27:21","slug":"pour-qui","status":"publish","type":"page","link":"https:\/\/impatients-entraide-psy.fr\/index.php\/pour-qui\/","title":{"rendered":"\u00c0 qui s&#8217;adresse-t-on ?"},"content":{"rendered":"\n<p>Notre association <strong>Les (Im)patients<\/strong> s\u2019adresse <strong>d\u2019abord<\/strong> aux personnes concern\u00e9es par des <strong>troubles psychiques<\/strong>, dans une logique <strong>d\u2019entraide entre pairs<\/strong> et de <strong>r\u00e9tablissement<\/strong>.<\/p>\n\n\n\n<p>Concr\u00e8tement, son \u201cpublic\u201d, c\u2019est surtout :<\/p>\n\n\n\n<ul class=\"wp-block-list\">\n<li><strong>Les personnes qui vivent (ou ont v\u00e9cu) un trouble \/ une maladie psychique<\/strong>, qu\u2019elles soient suivies <strong>dans le public ou le priv\u00e9<\/strong>.<\/li>\n\n\n\n<li><strong>Les personnes qui cherchent du lien, des activit\u00e9s, un espace d\u2019\u00e9change<\/strong>, via des ateliers \/ rencontres (activit\u00e9s cr\u00e9atives, promenades, caf\u00e9s-discussions, jeux, etc.), \u00e0 Poitiers et alentours.<\/li>\n\n\n\n<li>Et, au-del\u00e0, <strong>le grand public<\/strong> (notamment des proches, des \u00e9tudiants, des artistes, etc.) quand l\u2019association m\u00e8ne des actions de <strong>sensibilisation<\/strong> et de <strong>d\u00e9stigmatisation<\/strong> autour de la sant\u00e9 mentale.<\/li>\n<\/ul>\n","protected":false},"excerpt":{"rendered":"<p>Notre association Les (Im)patients s\u2019adresse d\u2019abord aux personnes concern\u00e9es par des troubles psychiques, dans une logique d\u2019entraide entre pairs et de r\u00e9tablissement. Concr\u00e8tement, son \u201cpublic\u201d, c\u2019est surtout :<\/p>\n","protected":false},"author":1,"featured_media":0,"parent":0,"menu_order":0,"comment_status":"closed","ping_status":"closed","template":"","meta":{"footnotes":""},"class_list":["post-50","page","type-page","status-publish","hentry"],"_links":{"self":[{"href":"https:\/\/impatients-entraide-psy.fr\/index.php\/wp-json\/wp\/v2\/pages\/50","targetHints":{"allow":["GET"]}}],"collection":[{"href":"https:\/\/impatients-entraide-psy.fr\/index.php\/wp-json\/wp\/v2\/pages"}],"about":[{"href":"https:\/\/impatients-entraide-psy.fr\/index.php\/wp-json\/wp\/v2\/types\/page"}],"author":[{"embeddable":true,"href":"https:\/\/impatients-entraide-psy.fr\/index.php\/wp-json\/wp\/v2\/users\/1"}],"replies":[{"embeddable":true,"href":"https:\/\/impatients-entraide-psy.fr\/index.php\/wp-json\/wp\/v2\/comments?post=50"}],"version-history":[{"count":1,"href":"https:\/\/impatients-entraide-psy.fr\/index.php\/wp-json\/wp\/v2\/pages\/50\/revisions"}],"predecessor-version":[{"id":51,"href":"https:\/\/impatients-entraide-psy.fr\/index.php\/wp-json\/wp\/v2\/pages\/50\/revisions\/51"}],"wp:attachment":[{"href":"https:\/\/impatients-entraide-psy.fr\/index.php\/wp-json\/wp\/v2\/media?parent=50"}],"curies":[{"name":"wp","href":"https:\/\/api.w.org\/{rel}","templated":true}]}}