{"id":53,"date":"2026-02-11T17:37:44","date_gmt":"2026-02-11T17:37:44","guid":{"rendered":"https:\/\/impatients-entraide-psy.fr\/?page_id=53"},"modified":"2026-02-11T17:37:44","modified_gmt":"2026-02-11T17:37:44","slug":"nos-missions","status":"publish","type":"page","link":"https:\/\/impatients-entraide-psy.fr\/index.php\/nos-missions\/","title":{"rendered":"Nos missions"},"content":{"rendered":"\n<ul class=\"wp-block-list\">\n<li><strong>\u00c9couter et soutenir<\/strong> : accueillir chacun avec bienveillance, confidentialit\u00e9 et sans jugement, pour offrir un espace d\u2019\u00e9coute, de rep\u00e8res et de soutien.<\/li>\n\n\n\n<li><strong>Proposer des activit\u00e9s \u00e9panouissantes<\/strong> : organiser des ateliers de mieux-\u00eatre et des temps partag\u00e9s (culture, sorties, activit\u00e9 physique douce) pour rompre l\u2019isolement et enrichir le quotidien.<\/li>\n\n\n\n<li><strong>Lutter contre la stigmatisation<\/strong> : informer, sensibiliser et ouvrir le dialogue pour faire \u00e9voluer les regards sur la sant\u00e9 mentale.<\/li>\n\n\n\n<li><strong>Tisser des liens entre pair-aidants<\/strong> : renforcer la communaut\u00e9, favoriser l\u2019entraide entre personnes concern\u00e9es et encourager les \u00e9changes sur le territoire.<\/li>\n\n\n\n<li><strong>\u00catre acteurs de la vie publique<\/strong> : porter la parole des personnes concern\u00e9es, participer aux concertations locales et contribuer aux d\u00e9cisions qui touchent la sant\u00e9 mentale.<\/li>\n<\/ul>\n","protected":false},"excerpt":{"rendered":"","protected":false},"author":1,"featured_media":0,"parent":0,"menu_order":0,"comment_status":"closed","ping_status":"closed","template":"","meta":{"footnotes":""},"class_list":["post-53","page","type-page","status-publish","hentry"],"_links":{"self":[{"href":"https:\/\/impatients-entraide-psy.fr\/index.php\/wp-json\/wp\/v2\/pages\/53","targetHints":{"allow":["GET"]}}],"collection":[{"href":"https:\/\/impatients-entraide-psy.fr\/index.php\/wp-json\/wp\/v2\/pages"}],"about":[{"href":"https:\/\/impatients-entraide-psy.fr\/index.php\/wp-json\/wp\/v2\/types\/page"}],"author":[{"embeddable":true,"href":"https:\/\/impatients-entraide-psy.fr\/index.php\/wp-json\/wp\/v2\/users\/1"}],"replies":[{"embeddable":true,"href":"https:\/\/impatients-entraide-psy.fr\/index.php\/wp-json\/wp\/v2\/comments?post=53"}],"version-history":[{"count":1,"href":"https:\/\/impatients-entraide-psy.fr\/index.php\/wp-json\/wp\/v2\/pages\/53\/revisions"}],"predecessor-version":[{"id":54,"href":"https:\/\/impatients-entraide-psy.fr\/index.php\/wp-json\/wp\/v2\/pages\/53\/revisions\/54"}],"wp:attachment":[{"href":"https:\/\/impatients-entraide-psy.fr\/index.php\/wp-json\/wp\/v2\/media?parent=53"}],"curies":[{"name":"wp","href":"https:\/\/api.w.org\/{rel}","templated":true}]}}