{"id":55,"date":"2026-02-11T17:41:39","date_gmt":"2026-02-11T17:41:39","guid":{"rendered":"https:\/\/impatients-entraide-psy.fr\/?page_id=55"},"modified":"2026-02-20T15:53:43","modified_gmt":"2026-02-20T15:53:43","slug":"notre-organisation","status":"publish","type":"page","link":"https:\/\/impatients-entraide-psy.fr\/index.php\/notre-organisation\/","title":{"rendered":"Notre organisation"},"content":{"rendered":"\n<p>Les adh\u00e9rents \u00e9changent r\u00e9guli\u00e8rement avec l&#8217;<strong>application Telegram<\/strong> de messagerie soit de de mani\u00e8re priv\u00e9e soit en groupe, comme par exemple les suivants :<\/p>\n\n\n\n<p>\u21d2 <strong>Canal info<\/strong>, destin\u00e9 uniquement \u00e0 annoncer le programme du mois en cours<\/p>\n\n\n\n<p>\u21d2 <strong>Groupe g\u00e9n\u00e9ral<\/strong> est utilis\u00e9 pour communiqu\u00e9 \u00e0 l&#8217;ensemble des adh\u00e9rents.<\/p>\n\n\n\n<p>\u21d2 <strong>Sorties improvis\u00e9es<\/strong> pour l&#8217;organisations des sorties non programm\u00e9e \u00e0 l&#8217;avance<\/p>\n\n\n\n<p>\u21d2 <strong>Groupe du conseil d&#8217;administration <\/strong>de l&#8217;asso<\/p>\n\n\n\n<p>\u21d2 <strong>Des groupes d\u00e9di\u00e9s<\/strong> \u00e0 une activit\u00e9 particuli\u00e8re<\/p>\n\n\n\n<p><strong>Chacun peut proposer une activit\u00e9<\/strong> suivant ses moyens.<\/p>\n\n\n\n<p><strong>Chacun peut contribuer<\/strong> sur Telegram, le site web ou notre page Instagram.<\/p>\n","protected":false},"excerpt":{"rendered":"<p>Les adh\u00e9rents \u00e9changent r\u00e9guli\u00e8rement avec l&#8217;application Telegram de messagerie soit de de mani\u00e8re priv\u00e9e soit en groupe, comme par exemple les suivants : \u21d2 Canal info, destin\u00e9 uniquement \u00e0 annoncer le programme du mois en cours \u21d2 Groupe g\u00e9n\u00e9ral est utilis\u00e9 pour communiqu\u00e9 \u00e0 l&#8217;ensemble des adh\u00e9rents. \u21d2 Sorties improvis\u00e9es pour l&#8217;organisations des sorties non [&hellip;]<\/p>\n","protected":false},"author":1,"featured_media":0,"parent":0,"menu_order":0,"comment_status":"closed","ping_status":"closed","template":"","meta":{"footnotes":""},"class_list":["post-55","page","type-page","status-publish","hentry"],"_links":{"self":[{"href":"https:\/\/impatients-entraide-psy.fr\/index.php\/wp-json\/wp\/v2\/pages\/55","targetHints":{"allow":["GET"]}}],"collection":[{"href":"https:\/\/impatients-entraide-psy.fr\/index.php\/wp-json\/wp\/v2\/pages"}],"about":[{"href":"https:\/\/impatients-entraide-psy.fr\/index.php\/wp-json\/wp\/v2\/types\/page"}],"author":[{"embeddable":true,"href":"https:\/\/impatients-entraide-psy.fr\/index.php\/wp-json\/wp\/v2\/users\/1"}],"replies":[{"embeddable":true,"href":"https:\/\/impatients-entraide-psy.fr\/index.php\/wp-json\/wp\/v2\/comments?post=55"}],"version-history":[{"count":6,"href":"https:\/\/impatients-entraide-psy.fr\/index.php\/wp-json\/wp\/v2\/pages\/55\/revisions"}],"predecessor-version":[{"id":103,"href":"https:\/\/impatients-entraide-psy.fr\/index.php\/wp-json\/wp\/v2\/pages\/55\/revisions\/103"}],"wp:attachment":[{"href":"https:\/\/impatients-entraide-psy.fr\/index.php\/wp-json\/wp\/v2\/media?parent=55"}],"curies":[{"name":"wp","href":"https:\/\/api.w.org\/{rel}","templated":true}]}}