{"id":58,"date":"2026-02-11T17:42:57","date_gmt":"2026-02-11T17:42:57","guid":{"rendered":"https:\/\/impatients-entraide-psy.fr\/?page_id=58"},"modified":"2026-03-25T04:10:46","modified_gmt":"2026-03-25T04:10:46","slug":"apercu-de-nos-activites","status":"publish","type":"page","link":"https:\/\/impatients-entraide-psy.fr\/index.php\/apercu-de-nos-activites\/","title":{"rendered":"Aper\u00e7u de nos activit\u00e9s"},"content":{"rendered":"\n<p><strong>Pour vous donner un id\u00e9e, voici&nbsp; les activit\u00e9s auxquelles les (im)patients ont particip\u00e9 ou se sont impliqu\u00e9s sur l&#8217;ann\u00e9e scolaire 2023\/2024 :<\/strong><\/p>\n\n\n\n<ul class=\"wp-block-list\">\n<li>Participation \u00e0&nbsp; \u00ab&nbsp;Regard de l\u2019Autre, Regards Crois\u00e9s&nbsp;\u00bb&nbsp;r\u00e9flexion sur le th\u00e8me du&nbsp;regard de l\u2019autre&nbsp;suivis d&#8217;une s\u00e9ance de travail en groupe ou personnel<\/li>\n\n\n\n<li>R\u00e9union: R\u00e9flexions sur les missions et les valeurs que souhaite porter avec notre association et de la place que chacun peut y prendre.<\/li>\n\n\n\n<li>Sortie pique-nique \u00e0 l\u2019\u00celot du Tison avec pour th\u00e8me abord\u00e9 sera &#8220;comment faites-vous face \u00e0 vos angoisses&nbsp;?&#8221;<\/li>\n\n\n\n<li>R\u00e9union \/ des solutions pour la pair aidance au sein de l&#8217;association (soutien entre nous).<\/li>\n\n\n\n<li>Atelier photo argentique<\/li>\n\n\n\n<li>Assembl\u00e9e du 25 novembre<\/li>\n\n\n\n<li>Initiation chant\u00a0<\/li>\n\n\n\n<li>Projet th\u00e9\u00e2tre : micro-projet \u00e9manant du macro-projet &#8220;Regard&#8221;&nbsp;et Rencontre avec la compagnie &#8216;\u00e7a s&#8217;regarde&#8217;<\/li>\n\n\n\n<li>Cr\u00e9ation du site web de notre association<\/li>\n\n\n\n<li>R\u00e9union pour \u00e9tablir ensemble le &#8220;Plan de Bienveillance Mutuelle&#8221;<\/li>\n\n\n\n<li>Projet fanzine<\/li>\n\n\n\n<li>Repas de no\u00ebl<\/li>\n\n\n\n<li>S\u00e9ance de cr\u00e9ation libre<\/li>\n\n\n\n<li>Caf\u00e9s-discussion:\n<ul class=\"wp-block-list\">\n<li>Comment devenir pair-aidant ou m\u00e9diateur de sant\u00e9 pair (MSP)<\/li>\n\n\n\n<li>Vivre avec le vague \u00e0 l&#8217;\u00e2me<\/li>\n\n\n\n<li>Quels droits personne reconnue handicap\u00e9e ?<\/li>\n\n\n\n<li>Ressources c\u00f4t\u00e9 administratif (carte solidaire, allocation adulte handicap,&nbsp;logement, aides diverses) et toutes autres questions pratiques<\/li>\n\n\n\n<li>Stigmatisation\/auto-stigmatisation<\/li>\n<\/ul>\n<\/li>\n\n\n\n<li>R\u00e9flexions sur les actions pourrions-nous mener en vues pour d\u00e9stigmatiser les troubles de sant\u00e9 mentale ?<\/li>\n\n\n\n<li>R\u00e9unions CA,&nbsp;ouvert \u00e0 tout le monde de l&#8217;association (seules les d\u00e9cisions vot\u00e9s sont de la pr\u00e9rogative des membres du CA)<\/li>\n\n\n\n<li>Pr\u00e9paration d&#8217;une rencontre avec des journalistes sur la mani\u00e8re d&#8217;\u00e9voquer ce qui touche \u00e0 la sant\u00e9 mentale<\/li>\n\n\n\n<li>R\u00e9union de r\u00e9flexion autour du Centre Social de Laborit<\/li>\n\n\n\n<li>S\u00e9ances de Sophrologie dynamique\u00a0<\/li>\n\n\n\n<li>R\u00e9union d\u2019\u00e9changes sur le d\u00e9veloppement personnel &nbsp;(confiance, estime de soi, image de soi, motivation&#8230;)<\/li>\n\n\n\n<li>Atelier crochet : d\u00e9couverte de cette technique de tricot avec une seule aiguille recourb\u00e9e.<\/li>\n\n\n\n<li>Participation \u00e0 \u00ab&nbsp;En voiture Psymone&nbsp;\u00bb<\/li>\n\n\n\n<li>Visiod\u00e9tente le samedi soir de 20h \u00e0 22h<\/li>\n\n\n\n<li>Atelier informatique<\/li>\n\n\n\n<li>Balades&#8230;<\/li>\n<\/ul>\n","protected":false},"excerpt":{"rendered":"<p>Pour vous donner un id\u00e9e, voici&nbsp; les activit\u00e9s auxquelles les (im)patients ont particip\u00e9 ou se sont impliqu\u00e9s sur l&#8217;ann\u00e9e scolaire 2023\/2024 :<\/p>\n","protected":false},"author":1,"featured_media":0,"parent":0,"menu_order":0,"comment_status":"closed","ping_status":"closed","template":"","meta":{"footnotes":""},"class_list":["post-58","page","type-page","status-publish","hentry"],"_links":{"self":[{"href":"https:\/\/impatients-entraide-psy.fr\/index.php\/wp-json\/wp\/v2\/pages\/58","targetHints":{"allow":["GET"]}}],"collection":[{"href":"https:\/\/impatients-entraide-psy.fr\/index.php\/wp-json\/wp\/v2\/pages"}],"about":[{"href":"https:\/\/impatients-entraide-psy.fr\/index.php\/wp-json\/wp\/v2\/types\/page"}],"author":[{"embeddable":true,"href":"https:\/\/impatients-entraide-psy.fr\/index.php\/wp-json\/wp\/v2\/users\/1"}],"replies":[{"embeddable":true,"href":"https:\/\/impatients-entraide-psy.fr\/index.php\/wp-json\/wp\/v2\/comments?post=58"}],"version-history":[{"count":4,"href":"https:\/\/impatients-entraide-psy.fr\/index.php\/wp-json\/wp\/v2\/pages\/58\/revisions"}],"predecessor-version":[{"id":113,"href":"https:\/\/impatients-entraide-psy.fr\/index.php\/wp-json\/wp\/v2\/pages\/58\/revisions\/113"}],"wp:attachment":[{"href":"https:\/\/impatients-entraide-psy.fr\/index.php\/wp-json\/wp\/v2\/media?parent=58"}],"curies":[{"name":"wp","href":"https:\/\/api.w.org\/{rel}","templated":true}]}}