{"id":62,"date":"2026-02-11T17:51:35","date_gmt":"2026-02-11T17:51:35","guid":{"rendered":"https:\/\/impatients-entraide-psy.fr\/?page_id=62"},"modified":"2026-02-11T17:58:57","modified_gmt":"2026-02-11T17:58:57","slug":"nous-contacter","status":"publish","type":"page","link":"https:\/\/impatients-entraide-psy.fr\/index.php\/nous-contacter\/","title":{"rendered":"Nous contacter"},"content":{"rendered":"\n<p>Vous souhaitez une information, rejoindre l\u2019association, proposer une activit\u00e9, ou simplement \u00e9changer ?<br>Nous sommes disponibles et \u00e0 l\u2019\u00e9coute.<\/p>\n\n\n\n<h3 class=\"wp-block-heading\">Par t\u00e9l\u00e9phone<\/h3>\n\n\n\n<p>\ud83d\udcde <strong>07 81 64 84 76<\/strong><\/p>\n\n\n\n<h3 class=\"wp-block-heading\">Par e-mail<\/h3>\n\n\n\n<p>\u2709\ufe0f <strong><a>im.patients@mailo.com<\/a><\/strong><\/p>\n\n\n\n<h3 class=\"wp-block-heading\">Sur Instagram<\/h3>\n\n\n\n<p>\ud83d\udcf2 <strong>@les.im.patients<\/strong> (messages priv\u00e9s possibles)<\/p>\n\n\n\n<p><em>L\u2019association r\u00e9pond d\u00e8s que possible. Si votre message est urgent ou si vous \u00eates en danger, contactez le 15 ou le 112.<\/em><\/p>\n","protected":false},"excerpt":{"rendered":"<p>Vous souhaitez une information, rejoindre l\u2019association, proposer une activit\u00e9, ou simplement \u00e9changer ?Nous sommes disponibles et \u00e0 l\u2019\u00e9coute. Par t\u00e9l\u00e9phone \ud83d\udcde 07 81 64 84 76 Par e-mail \u2709\ufe0f im.patients@mailo.com Sur Instagram \ud83d\udcf2 @les.im.patients (messages priv\u00e9s possibles) L\u2019association r\u00e9pond d\u00e8s que possible. Si votre message est urgent ou si vous \u00eates en danger, contactez le [&hellip;]<\/p>\n","protected":false},"author":1,"featured_media":0,"parent":0,"menu_order":0,"comment_status":"closed","ping_status":"closed","template":"","meta":{"footnotes":""},"class_list":["post-62","page","type-page","status-publish","hentry"],"_links":{"self":[{"href":"https:\/\/impatients-entraide-psy.fr\/index.php\/wp-json\/wp\/v2\/pages\/62","targetHints":{"allow":["GET"]}}],"collection":[{"href":"https:\/\/impatients-entraide-psy.fr\/index.php\/wp-json\/wp\/v2\/pages"}],"about":[{"href":"https:\/\/impatients-entraide-psy.fr\/index.php\/wp-json\/wp\/v2\/types\/page"}],"author":[{"embeddable":true,"href":"https:\/\/impatients-entraide-psy.fr\/index.php\/wp-json\/wp\/v2\/users\/1"}],"replies":[{"embeddable":true,"href":"https:\/\/impatients-entraide-psy.fr\/index.php\/wp-json\/wp\/v2\/comments?post=62"}],"version-history":[{"count":2,"href":"https:\/\/impatients-entraide-psy.fr\/index.php\/wp-json\/wp\/v2\/pages\/62\/revisions"}],"predecessor-version":[{"id":69,"href":"https:\/\/impatients-entraide-psy.fr\/index.php\/wp-json\/wp\/v2\/pages\/62\/revisions\/69"}],"wp:attachment":[{"href":"https:\/\/impatients-entraide-psy.fr\/index.php\/wp-json\/wp\/v2\/media?parent=62"}],"curies":[{"name":"wp","href":"https:\/\/api.w.org\/{rel}","templated":true}]}}