{"id":64,"date":"2026-02-11T17:53:36","date_gmt":"2026-02-11T17:53:36","guid":{"rendered":"https:\/\/impatients-entraide-psy.fr\/?page_id=64"},"modified":"2026-02-11T17:53:36","modified_gmt":"2026-02-11T17:53:36","slug":"ce-quils-en-disent","status":"publish","type":"page","link":"https:\/\/impatients-entraide-psy.fr\/index.php\/ce-quils-en-disent\/","title":{"rendered":"Les usagers en parlent"},"content":{"rendered":"\n<h2 class=\"wp-block-heading\">Vision de l\u2019association &#8220;les (Im)patients&#8221; par ses propres adh\u00e9rents :<\/h2>\n\n\n\n<p>L\u2019association \u00ab Les (Im)patients \u00bb est unanimement reconnue comme un espace essentiel de soutien et d\u2019\u00e9change par ses adh\u00e9rents. Sa simple existence apporte r\u00e9confort et espoir, m\u00eame pour ceux qui ne peuvent \u00eatre pr\u00e9sents r\u00e9guli\u00e8rement.<\/p>\n\n\n\n<h3 class=\"wp-block-heading\"><strong>1. Un lieu d\u2019\u00e9change et de rencontre<\/strong><\/h3>\n\n\n\n<p>L\u2019association est un espace bienveillant et inclusif o\u00f9 chacun trouve sa place sans jugement. Elle permet de s\u2019exprimer librement et favorise l\u2019entraide entre personnes partageant des troubles psychiques. Chaque adh\u00e9rent est vu comme un acteur \u00e0 part enti\u00e8re, apportant sa singularit\u00e9 et son expertise.<\/p>\n\n\n\n<h3 class=\"wp-block-heading\"><strong>2. Un lieu d\u2019entraide<\/strong><\/h3>\n\n\n\n<p>L\u2019entraide est une valeur centrale qui aide \u00e0 mieux s\u2019int\u00e9grer et \u00e0 faire face aux difficult\u00e9s personnelles. Le groupe permet d\u2019\u00e9changer sur les strat\u00e9gies pour mieux g\u00e9rer ses troubles et combattre la solitude. La messagerie \u00ab Telegram \u00bb joue aussi un r\u00f4le cl\u00e9 en offrant un soutien permanent.<\/p>\n\n\n\n<h3 class=\"wp-block-heading\"><strong>3. Un lieu d\u2019exp\u00e9rimentation<\/strong><\/h3>\n\n\n\n<p>Gr\u00e2ce \u00e0 diverses activit\u00e9s (prise de parole, ateliers, sorties), l\u2019association encourage \u00e0 sortir de sa zone de confort, \u00e0 gagner en autonomie et \u00e0 renforcer sa confiance en soi. Elle permet aussi de s\u2019ouvrir aux autres et d\u2019am\u00e9liorer ses relations sociales.<\/p>\n\n\n\n<h3 class=\"wp-block-heading\"><strong>4. Un lieu de d\u00e9veloppement personnel<\/strong><\/h3>\n\n\n\n<p>L\u2019association aide \u00e0 retrouver confiance en soi, \u00e0 rompre l\u2019isolement et \u00e0 redonner du sens \u00e0 sa vie. Elle favorise l\u2019\u00e9mergence de projets personnels et l\u2019engagement dans la soci\u00e9t\u00e9. Des initiatives contribuent \u00e0 mieux sensibiliser le monde ext\u00e9rieur aux r\u00e9alit\u00e9s des troubles psychiques.<\/p>\n\n\n\n<h3 class=\"wp-block-heading\"><strong>Conclusion<\/strong><\/h3>\n\n\n\n<p>Les adh\u00e9rents sont optimistes et engag\u00e9s pour l\u2019avenir de l\u2019association, qui est per\u00e7ue comme un espace dynamique et en \u00e9volution. Ils soulignent l\u2019importance de continuer \u00e0 questionner et adapter les actions de l\u2019association pour mieux r\u00e9pondre aux besoins de chacun et favoriser une plus grande inclusion sociale.<\/p>\n","protected":false},"excerpt":{"rendered":"<p>Vision de l\u2019association &#8220;les (Im)patients&#8221; par ses propres adh\u00e9rents : L\u2019association \u00ab Les (Im)patients \u00bb est unanimement reconnue comme un espace essentiel de soutien et d\u2019\u00e9change par ses adh\u00e9rents. Sa simple existence apporte r\u00e9confort et espoir, m\u00eame pour ceux qui ne peuvent \u00eatre pr\u00e9sents r\u00e9guli\u00e8rement. 1. Un lieu d\u2019\u00e9change et de rencontre L\u2019association est un [&hellip;]<\/p>\n","protected":false},"author":1,"featured_media":0,"parent":0,"menu_order":0,"comment_status":"closed","ping_status":"closed","template":"","meta":{"footnotes":""},"class_list":["post-64","page","type-page","status-publish","hentry"],"_links":{"self":[{"href":"https:\/\/impatients-entraide-psy.fr\/index.php\/wp-json\/wp\/v2\/pages\/64","targetHints":{"allow":["GET"]}}],"collection":[{"href":"https:\/\/impatients-entraide-psy.fr\/index.php\/wp-json\/wp\/v2\/pages"}],"about":[{"href":"https:\/\/impatients-entraide-psy.fr\/index.php\/wp-json\/wp\/v2\/types\/page"}],"author":[{"embeddable":true,"href":"https:\/\/impatients-entraide-psy.fr\/index.php\/wp-json\/wp\/v2\/users\/1"}],"replies":[{"embeddable":true,"href":"https:\/\/impatients-entraide-psy.fr\/index.php\/wp-json\/wp\/v2\/comments?post=64"}],"version-history":[{"count":1,"href":"https:\/\/impatients-entraide-psy.fr\/index.php\/wp-json\/wp\/v2\/pages\/64\/revisions"}],"predecessor-version":[{"id":65,"href":"https:\/\/impatients-entraide-psy.fr\/index.php\/wp-json\/wp\/v2\/pages\/64\/revisions\/65"}],"wp:attachment":[{"href":"https:\/\/impatients-entraide-psy.fr\/index.php\/wp-json\/wp\/v2\/media?parent=64"}],"curies":[{"name":"wp","href":"https:\/\/api.w.org\/{rel}","templated":true}]}}